{"id":1565,"date":"2023-02-23T19:39:38","date_gmt":"2023-02-23T19:39:38","guid":{"rendered":"https:\/\/centreseve.recherche.usherbrooke.ca\/comite-de-partenariat-international-cpics\/"},"modified":"2025-05-13T13:57:33","modified_gmt":"2025-05-13T13:57:33","slug":"comite-de-partenariat-international-cpics","status":"publish","type":"page","link":"https:\/\/centreseve.recherche.usherbrooke.ca\/en\/comite-de-partenariat-international-cpics\/","title":{"rendered":"Comit\u00e9 de partenariat international du Centre S\u00c8VE (CPICS)"},"content":{"rendered":"\t\t<div data-elementor-type=\"wp-page\" data-elementor-id=\"1565\" class=\"elementor elementor-1565 elementor-62\" data-elementor-post-type=\"page\">\n\t\t\t\t<div class=\"elementor-element elementor-element-5293171 e-flex e-con-boxed e-con e-parent\" data-id=\"5293171\" data-element_type=\"container\" data-e-type=\"container\" data-settings=\"{&quot;_ob_use_container_extras&quot;:&quot;no&quot;,&quot;_ob_column_hoveranimator&quot;:&quot;no&quot;,&quot;_ob_glider_is_slider&quot;:&quot;no&quot;,&quot;_ob_column_has_pseudo&quot;:&quot;no&quot;}\">\n\t\t\t\t\t<div class=\"e-con-inner\">\n\t\t\t\t<div class=\"elementor-element elementor-element-0a8e54f ob-has-background-overlay elementor-widget elementor-widget-image\" data-id=\"0a8e54f\" data-element_type=\"widget\" data-e-type=\"widget\" data-settings=\"{&quot;_ob_photomorph_use&quot;:&quot;no&quot;,&quot;_ob_widget_stalker_use&quot;:&quot;no&quot;,&quot;_ob_poopart_use&quot;:&quot;yes&quot;,&quot;_ob_shadough_use&quot;:&quot;no&quot;,&quot;_ob_allow_hoveranimator&quot;:&quot;no&quot;}\" data-widget_type=\"image.default\">\n\t\t\t\t<div class=\"elementor-widget-container\">\n\t\t\t\t\t\t\t\t\t\t\t\t\t\t\t<img fetchpriority=\"high\" decoding=\"async\" width=\"716\" height=\"278\" src=\"https:\/\/centreseve.recherche.usherbrooke.ca\/wp-content\/uploads\/2025\/05\/CPICS.png\" class=\"attachment-large size-large wp-image-2962\" alt=\"\" srcset=\"https:\/\/centreseve.recherche.usherbrooke.ca\/wp-content\/uploads\/2025\/05\/CPICS.png 716w, https:\/\/centreseve.recherche.usherbrooke.ca\/wp-content\/uploads\/2025\/05\/CPICS-300x116.png 300w\" sizes=\"(max-width: 716px) 100vw, 716px\" style=\"width:100%;height:38.83%;max-width:716px\" \/>\t\t\t\t\t\t\t\t\t\t\t\t\t\t\t<\/div>\n\t\t\t\t<\/div>\n\t\t\t\t<div class=\"elementor-element elementor-element-2a0837c0 ob-harakiri-inherit ob-has-background-overlay elementor-widget elementor-widget-text-editor\" data-id=\"2a0837c0\" data-element_type=\"widget\" data-e-type=\"widget\" data-settings=\"{&quot;_ob_use_harakiri&quot;:&quot;yes&quot;,&quot;_ob_harakiri_writing_mode&quot;:&quot;inherit&quot;,&quot;_ob_postman_use&quot;:&quot;no&quot;,&quot;_ob_widget_stalker_use&quot;:&quot;no&quot;,&quot;_ob_poopart_use&quot;:&quot;yes&quot;,&quot;_ob_shadough_use&quot;:&quot;no&quot;,&quot;_ob_allow_hoveranimator&quot;:&quot;no&quot;}\" data-widget_type=\"text-editor.default\">\n\t\t\t\t<div class=\"elementor-widget-container\">\n\t\t\t\t\t\t\t\t\t<article class=\"text-token-text-primary w-full\" dir=\"auto\" data-testid=\"conversation-turn-56\" data-scroll-anchor=\"true\">\n<div class=\"text-base my-auto mx-auto py-5 [--thread-content-margin:--spacing(4)] @[37rem]:[--thread-content-margin:--spacing(6)] @[72rem]:[--thread-content-margin:--spacing(16)] px-(--thread-content-margin)\">\n<div class=\"[--thread-content-max-width:32rem] @[34rem]:[--thread-content-max-width:40rem] @[64rem]:[--thread-content-max-width:48rem] mx-auto flex max-w-(--thread-content-max-width) flex-1 text-base gap-4 md:gap-5 lg:gap-6 group\/turn-messages focus-visible:outline-hidden\" tabindex=\"-1\">\n<div class=\"group\/conversation-turn relative flex w-full min-w-0 flex-col agent-turn\">\n<div class=\"relative flex-col gap-1 md:gap-3\">\n<div class=\"flex max-w-full flex-col grow\">\n<div class=\"min-h-8 text-message relative flex w-full flex-col items-end gap-2 text-start break-words whitespace-normal [.text-message+&amp;]:mt-5\" dir=\"auto\" data-message-author-role=\"assistant\" data-message-id=\"bd7e04bb-a7c8-42cf-aa7e-d80fa478de34\" data-message-model-slug=\"gpt-4o-mini\">\n<div class=\"flex w-full flex-col gap-1 empty:hidden first:pt-[3px]\">\n<div class=\"markdown prose dark:prose-invert w-full break-words light\">\n<p class=\"\" data-start=\"0\" data-end=\"169\">Founded in 2018, the <strong><em>Comit\u00e9 de partenariat international du Centre S\u00c8VE<\/em> (CPICS)<\/strong> is a student committee composed of graduate students affiliated with the <strong>Centre S\u00c8VE<\/strong>.<\/p>\n<p data-start=\"0\" data-end=\"169\">\u00a0<\/p>\n<p class=\"\" data-start=\"171\" data-end=\"643\">Comprising about ten students from Quebec universities, the <strong>CPICS<\/strong> promotes collaborations between scientists in the province and the international community in the field of plant biology. It also contributes to the international visibility of the Quebec research network by enhancing the dissemination of knowledge, ranging from optimizing plant productivity to the sustainability of plant ecosystems, all with a proactive approach in the context of current global change.<\/p>\n<p data-start=\"171\" data-end=\"643\">\u00a0<\/p>\n<p class=\"\" data-start=\"645\" data-end=\"894\">The<strong> CPICS<\/strong> offers engaged students the opportunity to get involved in their scientific research field, make themselves known, and also manage the organization of events benefiting the entire Quebec scientific community in the field of plant sciences.<\/p>\n<\/div>\n<\/div>\n<\/div>\n<\/div>\n<\/div>\n<\/div>\n<\/div>\n<\/div>\n<\/article>\n<p>\u00a0<\/p>\n<p style=\"text-align: center;\"><strong>&#8211;&gt;<\/strong> <span style=\"text-decoration: underline;\"><span style=\"color: #0000ff; text-decoration: underline;\"><a style=\"color: #0000ff; text-decoration: underline;\" href=\"https:\/\/cpics.netlify.app\/fr\/index.html\" target=\"_blank\" rel=\"noopener\"><strong>CPICS Website<\/strong><\/a><\/span><\/span> <strong>&lt;&#8211;<\/strong><\/p>\t\t\t\t\t\t\t\t<\/div>\n\t\t\t\t<\/div>\n\t\t\t\t\t<\/div>\n\t\t\t\t<\/div>\n\t\t\t\t<\/div>\n\t\t","protected":false},"excerpt":{"rendered":"<p>Founded in 2018, the Comit\u00e9 de partenariat international du Centre S\u00c8VE (CPICS) is a student committee composed of graduate students affiliated with the Centre S\u00c8VE. \u00a0 Comprising about ten students from Quebec universities, the CPICS promotes collaborations between scientists in the province and the international community in the field of plant biology. It also contributes&hellip; <a class=\"more-link\" href=\"https:\/\/centreseve.recherche.usherbrooke.ca\/en\/comite-de-partenariat-international-cpics\/\">Continue reading <span class=\"screen-reader-text\">Comit\u00e9 de partenariat international du Centre S\u00c8VE (CPICS)<\/span><\/a><\/p>\n","protected":false},"author":1,"featured_media":0,"parent":0,"menu_order":0,"comment_status":"closed","ping_status":"closed","template":"","meta":{"_acf_changed":false,"footnotes":""},"class_list":["post-1565","page","type-page","status-publish","hentry","entry"],"acf":[],"_links":{"self":[{"href":"https:\/\/centreseve.recherche.usherbrooke.ca\/en\/wp-json\/wp\/v2\/pages\/1565","targetHints":{"allow":["GET"]}}],"collection":[{"href":"https:\/\/centreseve.recherche.usherbrooke.ca\/en\/wp-json\/wp\/v2\/pages"}],"about":[{"href":"https:\/\/centreseve.recherche.usherbrooke.ca\/en\/wp-json\/wp\/v2\/types\/page"}],"author":[{"embeddable":true,"href":"https:\/\/centreseve.recherche.usherbrooke.ca\/en\/wp-json\/wp\/v2\/users\/1"}],"replies":[{"embeddable":true,"href":"https:\/\/centreseve.recherche.usherbrooke.ca\/en\/wp-json\/wp\/v2\/comments?post=1565"}],"version-history":[{"count":10,"href":"https:\/\/centreseve.recherche.usherbrooke.ca\/en\/wp-json\/wp\/v2\/pages\/1565\/revisions"}],"predecessor-version":[{"id":2972,"href":"https:\/\/centreseve.recherche.usherbrooke.ca\/en\/wp-json\/wp\/v2\/pages\/1565\/revisions\/2972"}],"wp:attachment":[{"href":"https:\/\/centreseve.recherche.usherbrooke.ca\/en\/wp-json\/wp\/v2\/media?parent=1565"}],"curies":[{"name":"wp","href":"https:\/\/api.w.org\/{rel}","templated":true}]}}