{"id":1584,"date":"2023-02-23T19:39:38","date_gmt":"2023-02-23T19:39:38","guid":{"rendered":"https:\/\/centreseve.recherche.usherbrooke.ca\/partnerships\/"},"modified":"2025-03-27T18:13:00","modified_gmt":"2025-03-27T18:13:00","slug":"partnerships","status":"publish","type":"page","link":"https:\/\/centreseve.recherche.usherbrooke.ca\/en\/partnerships\/","title":{"rendered":"Partnerships"},"content":{"rendered":"\n<p>Center S\u00c8VE and its researchers regularly collaborate with other research groups around the world.<\/p>\n\n<div class=\"wp-block-columns is-layout-flex wp-container-core-columns-is-layout-9d6595d7 wp-block-columns-is-layout-flex\">\n<div class=\"wp-block-column is-layout-flow wp-block-column-is-layout-flow\" style=\"flex-basis:100%\">\n<p>Center S\u00c8VE collaborates with the F\u00e9d\u00e9ration Normandie V\u00e9g\u00e9tal (NORVEGE), which has similar objectives to our group and is interested in plant science.<br\/>From this association, NOR-S\u00c8VE was signed in 2022.<\/p>\n\n\n\n<p>Since then, the research members of both groups have met on several occasions at our respective annual meetings.<\/p>\n<\/div>\n<\/div>\n\n<div class=\"wp-block-group\"><div class=\"wp-block-group__inner-container is-layout-constrained wp-block-group-is-layout-constrained\">\n<div class=\"wp-block-columns is-layout-flex wp-container-core-columns-is-layout-9d6595d7 wp-block-columns-is-layout-flex\">\n<div class=\"wp-block-column is-layout-flow wp-block-column-is-layout-flow\">\n<figure class=\"wp-block-image size-full\"><img fetchpriority=\"high\" decoding=\"async\" width=\"284\" height=\"217\" src=\"https:\/\/centreseve.recherche.usherbrooke.ca\/wp-content\/uploads\/2025\/03\/NORSEVE-12-2.png\" alt=\"\" class=\"wp-image-2491\"\/><\/figure>\n<\/div>\n\n\n\n<div class=\"wp-block-column is-layout-flow wp-block-column-is-layout-flow\">\n<p>In 2022, when the agreement was signed, a delegation from Normandy was hosted by Centre S\u00c8VE.<\/p>\n\n\n\n<p>In 2023, a delegation from Quebec was welcomed by the F\u00e9d\u00e9ration Normandie V\u00e9g\u00e9tal (NORVEGE).<\/p>\n<\/div>\n<\/div>\n<\/div><\/div>\n\n<p>In 2024, Centre S\u00c8VE welcomed a student from Normandy for a Summer School, and a researcher from Normandy came to present during the Centre S\u00c8VE Days.<\/p>\n\n<pre class=\"wp-block-verse\">Center S\u00c8VE has been collaborating with Universit\u00e9 Mohammed VI Polytrechnic (UM6P) and Universit\u00e9 Cadi Ayyad in Morocco since 2022.<\/pre>\n\n<p>A Quebec-Morocco symposium on biofertilizers was organized in 2022 at the Universit\u00e9 de Sherbrooke. <\/p>\n\n<p><a href=\"https:\/\/centreseve.recherche.usherbrooke.ca\/en\/summer-school\/\">Summer Schools <\/a>have been organized between UM6P and Centre S\u00c8VE in Morocco and Quebec (2023-2024-2025-2026). <\/p>\n\n<p><\/p>\n","protected":false},"excerpt":{"rendered":"<p>Center S\u00c8VE and its researchers regularly collaborate with other research groups around the world. Center S\u00c8VE collaborates with the F\u00e9d\u00e9ration Normandie V\u00e9g\u00e9tal (NORVEGE), which has similar objectives to our group and is interested in plant science.From this association, NOR-S\u00c8VE was signed in 2022. Since then, the research members of both groups have met on several&hellip; <a class=\"more-link\" href=\"https:\/\/centreseve.recherche.usherbrooke.ca\/en\/partnerships\/\">Continue reading <span class=\"screen-reader-text\">Partnerships<\/span><\/a><\/p>\n","protected":false},"author":1,"featured_media":0,"parent":0,"menu_order":0,"comment_status":"closed","ping_status":"closed","template":"","meta":{"_acf_changed":false,"footnotes":""},"class_list":["post-1584","page","type-page","status-publish","hentry","entry"],"acf":[],"_links":{"self":[{"href":"https:\/\/centreseve.recherche.usherbrooke.ca\/en\/wp-json\/wp\/v2\/pages\/1584","targetHints":{"allow":["GET"]}}],"collection":[{"href":"https:\/\/centreseve.recherche.usherbrooke.ca\/en\/wp-json\/wp\/v2\/pages"}],"about":[{"href":"https:\/\/centreseve.recherche.usherbrooke.ca\/en\/wp-json\/wp\/v2\/types\/page"}],"author":[{"embeddable":true,"href":"https:\/\/centreseve.recherche.usherbrooke.ca\/en\/wp-json\/wp\/v2\/users\/1"}],"replies":[{"embeddable":true,"href":"https:\/\/centreseve.recherche.usherbrooke.ca\/en\/wp-json\/wp\/v2\/comments?post=1584"}],"version-history":[{"count":10,"href":"https:\/\/centreseve.recherche.usherbrooke.ca\/en\/wp-json\/wp\/v2\/pages\/1584\/revisions"}],"predecessor-version":[{"id":2517,"href":"https:\/\/centreseve.recherche.usherbrooke.ca\/en\/wp-json\/wp\/v2\/pages\/1584\/revisions\/2517"}],"wp:attachment":[{"href":"https:\/\/centreseve.recherche.usherbrooke.ca\/en\/wp-json\/wp\/v2\/media?parent=1584"}],"curies":[{"name":"wp","href":"https:\/\/api.w.org\/{rel}","templated":true}]}}