{"id":1620,"date":"2023-02-22T21:10:59","date_gmt":"2023-02-22T21:10:59","guid":{"rendered":"https:\/\/centreseve.recherche.usherbrooke.ca\/contact\/"},"modified":"2025-05-30T13:34:38","modified_gmt":"2025-05-30T13:34:38","slug":"contact","status":"publish","type":"page","link":"https:\/\/centreseve.recherche.usherbrooke.ca\/en\/contact\/","title":{"rendered":"Contact"},"content":{"rendered":"\t\t<div data-elementor-type=\"wp-page\" data-elementor-id=\"1620\" class=\"elementor elementor-1620 elementor-33\" data-elementor-post-type=\"page\">\n\t\t\t\t<div class=\"elementor-element elementor-element-593d62be e-flex e-con-boxed e-con e-parent\" data-id=\"593d62be\" data-element_type=\"container\" data-e-type=\"container\" data-settings=\"{&quot;_ob_use_container_extras&quot;:&quot;no&quot;,&quot;_ob_column_hoveranimator&quot;:&quot;no&quot;,&quot;_ob_glider_is_slider&quot;:&quot;no&quot;,&quot;_ob_column_has_pseudo&quot;:&quot;no&quot;}\">\n\t\t\t\t\t<div class=\"e-con-inner\">\n\t\t\t\t<div class=\"elementor-element elementor-element-6dee6f8a ob-harakiri-inherit ob-has-background-overlay elementor-widget elementor-widget-text-editor\" data-id=\"6dee6f8a\" data-element_type=\"widget\" data-e-type=\"widget\" data-settings=\"{&quot;_ob_use_harakiri&quot;:&quot;yes&quot;,&quot;_ob_harakiri_writing_mode&quot;:&quot;inherit&quot;,&quot;_ob_postman_use&quot;:&quot;no&quot;,&quot;_ob_widget_stalker_use&quot;:&quot;no&quot;,&quot;_ob_poopart_use&quot;:&quot;yes&quot;,&quot;_ob_shadough_use&quot;:&quot;no&quot;,&quot;_ob_allow_hoveranimator&quot;:&quot;no&quot;}\" data-widget_type=\"text-editor.default\">\n\t\t\t\t<div class=\"elementor-widget-container\">\n\t\t\t\t\t\t\t\t\t\n<p><span style=\"color: #008000;\"><strong>Centre S\u00c8VE<\/strong><\/span><br>Universit\u00e9 de Sherbrooke<br>Facult\u00e9 des sciences, D\u00e9partement de biologie<br>2500, boul. de l\u2019Universit\u00e9<br>Sherbrooke (Qu\u00e9bec) J1K 2R1<\/p>\n\n<p>Phone number : 819-821-8000 ext. 62001<br>Email : <span style=\"color: #3366ff;\"><a style=\"color: #3366ff;\" href=\"mailto:centreseve.sciences@usherbrooke.ca\" target=\"_blank\" rel=\"noreferrer noopener\">centreseve.sciences@usherbrooke.ca<\/a><\/span><\/p>\n\t\t\t\t\t\t\t\t<\/div>\n\t\t\t\t<\/div>\n\t\t\t\t\t<\/div>\n\t\t\t\t<\/div>\n\t\t<div class=\"elementor-element elementor-element-823892c e-flex e-con-boxed e-con e-parent\" data-id=\"823892c\" data-element_type=\"container\" data-e-type=\"container\" data-settings=\"{&quot;_ob_use_container_extras&quot;:&quot;no&quot;,&quot;_ob_column_hoveranimator&quot;:&quot;no&quot;,&quot;_ob_glider_is_slider&quot;:&quot;no&quot;,&quot;_ob_column_has_pseudo&quot;:&quot;no&quot;}\">\n\t\t\t\t\t<div class=\"e-con-inner\">\n\t\t\t\t<div class=\"elementor-element elementor-element-1b21264 ob-has-background-overlay elementor-widget elementor-widget-google_maps\" data-id=\"1b21264\" data-element_type=\"widget\" data-e-type=\"widget\" data-settings=\"{&quot;_ob_widget_stalker_use&quot;:&quot;no&quot;,&quot;_ob_poopart_use&quot;:&quot;yes&quot;,&quot;_ob_shadough_use&quot;:&quot;no&quot;,&quot;_ob_allow_hoveranimator&quot;:&quot;no&quot;}\" data-widget_type=\"google_maps.default\">\n\t\t\t\t<div class=\"elementor-widget-container\">\n\t\t\t\t\t\t\t<div class=\"elementor-custom-embed\">\n\t\t\t<iframe loading=\"lazy\"\n\t\t\t\t\tsrc=\"https:\/\/maps.google.com\/maps?q=Universit%C3%A9%20de%20Sherbrooke&#038;t=m&#038;z=10&#038;output=embed&#038;iwloc=near\"\n\t\t\t\t\ttitle=\"Universit\u00e9 de Sherbrooke\"\n\t\t\t\t\taria-label=\"Universit\u00e9 de Sherbrooke\"\n\t\t\t><\/iframe>\n\t\t<\/div>\n\t\t\t\t\t\t<\/div>\n\t\t\t\t<\/div>\n\t\t\t\t\t<\/div>\n\t\t\t\t<\/div>\n\t\t<div class=\"elementor-element elementor-element-6f615df e-flex e-con-boxed e-con e-parent\" data-id=\"6f615df\" data-element_type=\"container\" data-e-type=\"container\" data-settings=\"{&quot;_ob_use_container_extras&quot;:&quot;no&quot;,&quot;_ob_column_hoveranimator&quot;:&quot;no&quot;,&quot;_ob_glider_is_slider&quot;:&quot;no&quot;,&quot;_ob_column_has_pseudo&quot;:&quot;no&quot;}\">\n\t\t\t\t\t<div class=\"e-con-inner\">\n\t\t\t\t<div class=\"elementor-element elementor-element-2ea41c1 ob-harakiri-inherit ob-has-background-overlay elementor-widget elementor-widget-text-editor\" data-id=\"2ea41c1\" data-element_type=\"widget\" data-e-type=\"widget\" data-settings=\"{&quot;_ob_use_harakiri&quot;:&quot;yes&quot;,&quot;_ob_harakiri_writing_mode&quot;:&quot;inherit&quot;,&quot;_ob_postman_use&quot;:&quot;no&quot;,&quot;_ob_widget_stalker_use&quot;:&quot;no&quot;,&quot;_ob_poopart_use&quot;:&quot;yes&quot;,&quot;_ob_shadough_use&quot;:&quot;no&quot;,&quot;_ob_allow_hoveranimator&quot;:&quot;no&quot;}\" data-widget_type=\"text-editor.default\">\n\t\t\t\t<div class=\"elementor-widget-container\">\n\t\t\t\t\t\t\t\t\t<p><span style=\"color: #008000;\"><strong>Student representatives<\/strong><\/span><br>\u00c8ve-Marie Boudreau-Forgues<br>Email: <span style=\"color: #3366ff;\"><a style=\"color: #3366ff;\" href=\"mailto:eve-marie.boudreau-forgues.1@ulaval.ca\">eve-marie.boudreau-forgues.1@ulaval.ca<\/a><\/span><\/p>\n<p> <\/p>\n<p><\/p>\n<p>Antoine Pelletier<br>Email: <span style=\"color: #3366ff;\"><a style=\"color: #3366ff;\" href=\"mailto:antoine.pelletier@usherbrooke.ca\">antoine.pelletier@usherbrooke.ca<\/a><\/span><\/p>\n<p> <\/p>\n<p><\/p>\n<p><a href=\"https:\/\/www.usherbrooke.ca\/biologie\/futurs-etudiants\/2e-et-3e-cycles-cours\/microprogrammes\/sciences-vegetal\" target=\"_blank\" rel=\"noopener\"><span style=\"color: #008000;\"><strong>Professional Development Microprogram in Plant Sciences<\/strong><\/span><\/a><\/p>\n<p>Daphn\u00e9e Lamarche, PhD<\/p>\n<p>Program Coordinator<\/p>\n<p>Phone number : 1-819-821-8000 ext. 61917<br>Email: <span style=\"color: #3366ff;\"><a style=\"color: #3366ff;\" href=\"mailto:agrophytosciences@usherbrooke.ca\">daphnee.lamarche@usherbrooke.ca<\/a><\/span><\/p>\t\t\t\t\t\t\t\t<\/div>\n\t\t\t\t<\/div>\n\t\t\t\t\t<\/div>\n\t\t\t\t<\/div>\n\t\t\t\t<\/div>\n\t\t","protected":false},"excerpt":{"rendered":"<p>Centre S\u00c8VEUniversit\u00e9 de SherbrookeFacult\u00e9 des sciences, D\u00e9partement de biologie2500, boul. de l\u2019Universit\u00e9Sherbrooke (Qu\u00e9bec) J1K 2R1 Phone number : 819-821-8000 ext. 62001Email : centreseve.sciences@usherbrooke.ca Student representatives\u00c8ve-Marie Boudreau-ForguesEmail: eve-marie.boudreau-forgues.1@ulaval.ca Antoine PelletierEmail: antoine.pelletier@usherbrooke.ca Professional Development Microprogram in Plant Sciences Daphn\u00e9e Lamarche, PhD Program Coordinator Phone number : 1-819-821-8000 ext. 61917Email: daphnee.lamarche@usherbrooke.ca<\/p>\n","protected":false},"author":1,"featured_media":0,"parent":0,"menu_order":0,"comment_status":"closed","ping_status":"closed","template":"","meta":{"_acf_changed":false,"footnotes":""},"class_list":["post-1620","page","type-page","status-publish","hentry","entry"],"acf":[],"_links":{"self":[{"href":"https:\/\/centreseve.recherche.usherbrooke.ca\/en\/wp-json\/wp\/v2\/pages\/1620","targetHints":{"allow":["GET"]}}],"collection":[{"href":"https:\/\/centreseve.recherche.usherbrooke.ca\/en\/wp-json\/wp\/v2\/pages"}],"about":[{"href":"https:\/\/centreseve.recherche.usherbrooke.ca\/en\/wp-json\/wp\/v2\/types\/page"}],"author":[{"embeddable":true,"href":"https:\/\/centreseve.recherche.usherbrooke.ca\/en\/wp-json\/wp\/v2\/users\/1"}],"replies":[{"embeddable":true,"href":"https:\/\/centreseve.recherche.usherbrooke.ca\/en\/wp-json\/wp\/v2\/comments?post=1620"}],"version-history":[{"count":9,"href":"https:\/\/centreseve.recherche.usherbrooke.ca\/en\/wp-json\/wp\/v2\/pages\/1620\/revisions"}],"predecessor-version":[{"id":3318,"href":"https:\/\/centreseve.recherche.usherbrooke.ca\/en\/wp-json\/wp\/v2\/pages\/1620\/revisions\/3318"}],"wp:attachment":[{"href":"https:\/\/centreseve.recherche.usherbrooke.ca\/en\/wp-json\/wp\/v2\/media?parent=1620"}],"curies":[{"name":"wp","href":"https:\/\/api.w.org\/{rel}","templated":true}]}}