{"id":1786,"date":"2024-01-04T14:57:43","date_gmt":"2024-01-04T14:57:43","guid":{"rendered":"https:\/\/centreseve.recherche.usherbrooke.ca\/summer-school\/"},"modified":"2025-03-27T18:15:11","modified_gmt":"2025-03-27T18:15:11","slug":"summer-school","status":"publish","type":"page","link":"https:\/\/centreseve.recherche.usherbrooke.ca\/en\/summer-school\/","title":{"rendered":"Summer school"},"content":{"rendered":"\n<p>Summer Schools are an experience offered to student members of the Centre S\u00c8VE. Each year, a group of students flies to a new country to discover and is welcomed at a partner university.<\/p>\n<div class=\"wp-block-image\">\n<figure class=\"aligncenter size-large is-resized\"><img fetchpriority=\"high\" decoding=\"async\" width=\"1024\" height=\"680\" src=\"https:\/\/centreseve.recherche.usherbrooke.ca\/wp-content\/uploads\/2024\/01\/DSC2886-1024x680.jpg\" alt=\"\" class=\"wp-image-1881\" style=\"width:364px;height:auto\" srcset=\"https:\/\/centreseve.recherche.usherbrooke.ca\/wp-content\/uploads\/2024\/01\/DSC2886-1024x680.jpg 1024w, https:\/\/centreseve.recherche.usherbrooke.ca\/wp-content\/uploads\/2024\/01\/DSC2886-300x199.jpg 300w, https:\/\/centreseve.recherche.usherbrooke.ca\/wp-content\/uploads\/2024\/01\/DSC2886-768x510.jpg 768w, https:\/\/centreseve.recherche.usherbrooke.ca\/wp-content\/uploads\/2024\/01\/DSC2886-1536x1021.jpg 1536w, https:\/\/centreseve.recherche.usherbrooke.ca\/wp-content\/uploads\/2024\/01\/DSC2886-2048x1361.jpg 2048w, https:\/\/centreseve.recherche.usherbrooke.ca\/wp-content\/uploads\/2024\/01\/DSC2886-1568x1042.jpg 1568w\" sizes=\"(max-width: 1024px) 100vw, 1024px\" \/><figcaption class=\"wp-element-caption\">Summer School India 2019-Credit Hugo Germain<\/figcaption><\/figure>\n<\/div>\n<p>During these few days, students have the chance to present a course about a chosen subject to students. In addition, field visits are organized to discover local laboratory or agricultural practices. Ultimately, students participate in an enriching cultural exchange that creates an unforgettable experience.<\/p>\n\n<p>In recent years, India (2019), Morocco (2023) and Cameroon (2024) have welcomed Centre S\u00c8VE students. In 2024, students from Morocco were welcomed to Sherbrooke by Centre S\u00c8VE students. In 2025, Centre S\u00c8VE students will return to Morocco.  <\/p>\n<div class=\"wp-block-image\">\n<figure class=\"aligncenter size-large is-resized\"><img decoding=\"async\" width=\"1024\" height=\"549\" src=\"https:\/\/centreseve.recherche.usherbrooke.ca\/wp-content\/uploads\/2024\/01\/DSC2855-scaled-e1706722609117-1024x549.jpg\" alt=\"\" class=\"wp-image-1879\" style=\"width:358px;height:auto\" srcset=\"https:\/\/centreseve.recherche.usherbrooke.ca\/wp-content\/uploads\/2024\/01\/DSC2855-scaled-e1706722609117-1024x549.jpg 1024w, https:\/\/centreseve.recherche.usherbrooke.ca\/wp-content\/uploads\/2024\/01\/DSC2855-scaled-e1706722609117-300x161.jpg 300w, https:\/\/centreseve.recherche.usherbrooke.ca\/wp-content\/uploads\/2024\/01\/DSC2855-scaled-e1706722609117-768x412.jpg 768w, https:\/\/centreseve.recherche.usherbrooke.ca\/wp-content\/uploads\/2024\/01\/DSC2855-scaled-e1706722609117-1536x824.jpg 1536w, https:\/\/centreseve.recherche.usherbrooke.ca\/wp-content\/uploads\/2024\/01\/DSC2855-scaled-e1706722609117-2048x1098.jpg 2048w, https:\/\/centreseve.recherche.usherbrooke.ca\/wp-content\/uploads\/2024\/01\/DSC2855-scaled-e1706722609117-1568x841.jpg 1568w\" sizes=\"(max-width: 1024px) 100vw, 1024px\" \/><figcaption class=\"wp-element-caption\">Summer School India 2019-Credit Hugo Germain<\/figcaption><\/figure>\n<\/div>","protected":false},"excerpt":{"rendered":"<p>Summer Schools are an experience offered to student members of the Centre S\u00c8VE. Each year, a group of students flies to a new country to discover and is welcomed at a partner university. During these few days, students have the chance to present a course about a chosen subject to students. In addition, field visits&hellip; <a class=\"more-link\" href=\"https:\/\/centreseve.recherche.usherbrooke.ca\/en\/summer-school\/\">Continue reading <span class=\"screen-reader-text\">Summer school<\/span><\/a><\/p>\n","protected":false},"author":5,"featured_media":0,"parent":0,"menu_order":0,"comment_status":"closed","ping_status":"closed","template":"","meta":{"_acf_changed":false,"footnotes":""},"class_list":["post-1786","page","type-page","status-publish","hentry","entry"],"acf":[],"_links":{"self":[{"href":"https:\/\/centreseve.recherche.usherbrooke.ca\/en\/wp-json\/wp\/v2\/pages\/1786","targetHints":{"allow":["GET"]}}],"collection":[{"href":"https:\/\/centreseve.recherche.usherbrooke.ca\/en\/wp-json\/wp\/v2\/pages"}],"about":[{"href":"https:\/\/centreseve.recherche.usherbrooke.ca\/en\/wp-json\/wp\/v2\/types\/page"}],"author":[{"embeddable":true,"href":"https:\/\/centreseve.recherche.usherbrooke.ca\/en\/wp-json\/wp\/v2\/users\/5"}],"replies":[{"embeddable":true,"href":"https:\/\/centreseve.recherche.usherbrooke.ca\/en\/wp-json\/wp\/v2\/comments?post=1786"}],"version-history":[{"count":4,"href":"https:\/\/centreseve.recherche.usherbrooke.ca\/en\/wp-json\/wp\/v2\/pages\/1786\/revisions"}],"predecessor-version":[{"id":2518,"href":"https:\/\/centreseve.recherche.usherbrooke.ca\/en\/wp-json\/wp\/v2\/pages\/1786\/revisions\/2518"}],"wp:attachment":[{"href":"https:\/\/centreseve.recherche.usherbrooke.ca\/en\/wp-json\/wp\/v2\/media?parent=1786"}],"curies":[{"name":"wp","href":"https:\/\/api.w.org\/{rel}","templated":true}]}}